{"id":3683,"date":"2020-06-16T14:02:12","date_gmt":"2020-06-16T11:02:12","guid":{"rendered":"https:\/\/ongurpartners.com\/?page_id=3683"},"modified":"2026-04-09T13:39:14","modified_gmt":"2026-04-09T10:39:14","slug":"attorney-gokberk-tekin","status":"publish","type":"page","link":"https:\/\/ongurpartners.com\/it\/attorney-gokberk-tekin","title":{"rendered":"Avvocato G\u00f6kberk TEK\u0130N"},"content":{"rendered":"\t\t<div data-elementor-type=\"wp-page\" data-elementor-id=\"3683\" class=\"elementor elementor-3683\">\n\t\t\t\t<div class=\"elementor-element elementor-element-307c9cb4 e-flex e-con-boxed e-con e-parent\" data-id=\"307c9cb4\" data-element_type=\"container\" data-e-type=\"container\">\n\t\t\t\t\t<div class=\"e-con-inner\">\n\t\t<div class=\"elementor-element elementor-element-423dae5e e-con-full e-flex e-con e-child\" data-id=\"423dae5e\" data-element_type=\"container\" data-e-type=\"container\">\n\t\t\t\t<div class=\"elementor-element elementor-element-72527dc elementor-widget elementor-widget-uael-infobox\" data-id=\"72527dc\" data-element_type=\"widget\" data-e-type=\"widget\" data-widget_type=\"uael-infobox.default\">\n\t\t\t\t<div class=\"elementor-widget-container\">\n\t\t\t\t\t\n<div class=\"uael-module-content uael-infobox uael-imgicon-style-normal  uael-infobox-left  infobox-has-photo uael-infobox-photo-left  uael-infobox-image-valign-top  uael-infobox-stacked-tablet  uael-infobox-link-type-none\">\n\t<div class=\"uael-infobox-left-right-wrap\">\n\t\t\t\t\t\t\t\t<div class=\"uael-module-content uael-imgicon-wrap \">\t\t\t\t\t\t\t\t\t\t\t\n\t\t\t\t\t\t\t\t\t\t\t\t\t\t\t\t<div class=\"uael-image\" itemscope itemtype=\"http:\/\/schema.org\/ImageObject\">\n\t\t\t\t\t\t\t<div class=\"uael-image-content elementor-animation- \">\n\t\t\t\t\t\t\t\t<img fetchpriority=\"high\" decoding=\"async\" width=\"706\" height=\"803\" src=\"https:\/\/ongurpartners.com\/wp-content\/uploads\/2020\/06\/g\u00f6kberk-bey.jpg\" class=\"attachment-full size-full wp-image-1022\" alt=\"\" srcset=\"https:\/\/ongurpartners.com\/wp-content\/uploads\/2020\/06\/g\u00f6kberk-bey.jpg 706w, https:\/\/ongurpartners.com\/wp-content\/uploads\/2020\/06\/g\u00f6kberk-bey-264x300.jpg 264w, https:\/\/ongurpartners.com\/wp-content\/uploads\/2020\/06\/g\u00f6kberk-bey-685x779.jpg 685w, https:\/\/ongurpartners.com\/wp-content\/uploads\/2020\/06\/g\u00f6kberk-bey-570x648.jpg 570w, https:\/\/ongurpartners.com\/wp-content\/uploads\/2020\/06\/g\u00f6kberk-bey-490x557.jpg 490w, https:\/\/ongurpartners.com\/wp-content\/uploads\/2020\/06\/g\u00f6kberk-bey-370x421.jpg 370w, https:\/\/ongurpartners.com\/wp-content\/uploads\/2020\/06\/g\u00f6kberk-bey-270x307.jpg 270w, https:\/\/ongurpartners.com\/wp-content\/uploads\/2020\/06\/g\u00f6kberk-bey-210x239.jpg 210w\" sizes=\"(max-width: 706px) 100vw, 706px\" \/>\t\t\t\t\t\t\t<\/div>\n\t\t\t\t\t\t<\/div>\n\n\t\t\t\t\t\t\t\t\t<\/div>\n\t\t\t\t\t\t<div class=\"uael-infobox-content\">\n\t\t\t\t\t\t<div class='uael-infobox-title-wrap'><h3 class=\"uael-infobox-title elementor-inline-editing\" data-elementor-setting-key=\"infobox_title\" data-elementor-inline-editing-toolbar=\"basic\" >Avvocato G\u00f6kberk Tekin - Ankara \/ \u0130stanbul<\/h3><\/div>\t\t\t\t\t\t\t\t\t<div class=\"uael-infobox-text-wrap\">\n\t\t\t\t<div class=\"uael-infobox-text elementor-inline-editing\" data-elementor-setting-key=\"infobox_description\" data-elementor-inline-editing-toolbar=\"advanced\">\n\t\t\t\t\tG\u00f6kberk Tekin si \u00e8 laureato alla Scuola Superiore Militare di Kuleli, all\u2019Accademia Militare Turca (Laurea in Ingegneria dei Sistemi), alla Facolt\u00e0 di Legge dell\u2019Universit\u00e0 di Selcuk (LL.B.), all\u2019Universit\u00e0 di Aberystwyth (LL.M.) e alla Facolt\u00e0 di Legge dell\u2019Universit\u00e0 di Ankara (LL.M.).\nHa servito come ufficiale di progetto legislativo nello Stato Maggiore Turco, ufficiale operativo dell\u2019Alta Commissione Disciplinare nel Comando Generale della Gendarmeria, e docente nell\u2019Accademia della Gendarmeria e della Guardia Costiera prima di unirsi al nostro team. \u00c8 altamente specializzato nella risoluzione delle controversie. Si concentra sull\u2019arbitrato commerciale internazionale, sul diritto finanziario e sul diritto contrattuale, cos\u00ec come sul diritto costituzionale, amministrativo e sui diritti umani. Parla correntemente inglese.\t\t\t\t<\/div>\n\t\t\t\t\t\n\t\t\t\t\t\t\t<\/div>\n\t\t<\/div>\n\t\t\t<\/div>\n<\/div>\n\t\t\t\t<\/div>\n\t\t\t\t<\/div>\n\t\t\t\t<\/div>\n\t\t\t\t\t<\/div>\n\t\t\t\t<\/div>\n\t\t<div class=\"elementor-element elementor-element-2d8b03d e-flex e-con-boxed e-con e-parent\" data-id=\"2d8b03d\" data-element_type=\"container\" data-e-type=\"container\">\n\t\t\t\t\t<div class=\"e-con-inner\">\n\t\t<div class=\"elementor-element elementor-element-136eaa1a e-con-full e-flex e-con e-child\" data-id=\"136eaa1a\" data-element_type=\"container\" data-e-type=\"container\">\n\t\t\t\t<div class=\"elementor-element elementor-element-73fc033c akordion elementor-widget elementor-widget-n-accordion\" data-id=\"73fc033c\" data-element_type=\"widget\" data-e-type=\"widget\" data-settings=\"{&quot;default_state&quot;:&quot;all_collapsed&quot;,&quot;max_items_expended&quot;:&quot;one&quot;,&quot;n_accordion_animation_duration&quot;:{&quot;unit&quot;:&quot;ms&quot;,&quot;size&quot;:400,&quot;sizes&quot;:[]}}\" data-widget_type=\"nested-accordion.default\">\n\t\t\t\t<div class=\"elementor-widget-container\">\n\t\t\t\t\t\t\t<div class=\"e-n-accordion\" aria-label=\"Accordion. Open links with Enter or Space, close with Escape, and navigate with Arrow Keys\">\n\t\t\t\t\t\t<details id=\"e-n-accordion-item-1940\" class=\"e-n-accordion-item\" >\n\t\t\t\t<summary class=\"e-n-accordion-item-title\" data-accordion-index=\"1\" tabindex=\"0\" aria-expanded=\"false\" aria-controls=\"e-n-accordion-item-1940\" >\n\t\t\t\t\t<span class='e-n-accordion-item-title-header'><h3 class=\"e-n-accordion-item-title-text\"> EDUCAZIONE <\/h3><\/span>\n\t\t\t\t\t\t\t\t\t<\/summary>\n\t\t\t\t<div role=\"region\" aria-labelledby=\"e-n-accordion-item-1940\" class=\"elementor-element elementor-element-274da3f0 e-con-full e-flex e-con e-child\" data-id=\"274da3f0\" data-element_type=\"container\" data-e-type=\"container\">\n\t\t<div role=\"region\" aria-labelledby=\"e-n-accordion-item-1940\" class=\"elementor-element elementor-element-71292091 e-flex e-con-boxed e-con e-child\" data-id=\"71292091\" data-element_type=\"container\" data-e-type=\"container\">\n\t\t\t\t\t<div class=\"e-con-inner\">\n\t\t\t\t<div class=\"elementor-element elementor-element-46cef006 elementor-widget elementor-widget-text-editor\" data-id=\"46cef006\" data-element_type=\"widget\" data-e-type=\"widget\" data-widget_type=\"text-editor.default\">\n\t\t\t\t<div class=\"elementor-widget-container\">\n\t\t\t\t\t\t\t\t\t<p><strong>STUDI POST-LAUREA<\/strong><\/p><p>\u2013 Istituzione di Arbitri Accreditati, Diploma in Arbitrato Commerciale Internazionale \u2013 In corso<\/p><p>\u2013 Istituto di Scienze Sociali dell\u2019Universit\u00e0 di Ankara, Ph.D. in Diritto Pubblico \u2013 In corso<\/p><p>\u2013 Istituto di Scienze Sociali dell\u2019Universit\u00e0 di Ankara, LL.M. in Diritto Costituzionale \u2013 2020<\/p><p>\u2013 Universit\u00e0 di Aberystwyth, Facolt\u00e0 di Giurisprudenza e Criminologia, LL.M. in Diritti Umani e Diritto Umanitario \u2013 2018<\/p><p>\u00a0<\/p><p><strong>STUDI UNIVERSITARI<\/strong><\/p><p>\u2013 Facolt\u00e0 di Giurisprudenza dell\u2019Universit\u00e0 di Sel\u00e7uk (LL.B.)- 2015<\/p><p>\u2013 Accademia Militare Turca (B.Sc.) \u2013 2010<\/p><p>\u00a0<\/p><p><strong>SCUOLA SUPERIORE<\/strong><\/p><p>\u2013 Liceo Militare Kuleli \u2013 2006<\/p>\t\t\t\t\t\t\t\t<\/div>\n\t\t\t\t<\/div>\n\t\t\t\t\t<\/div>\n\t\t\t\t<\/div>\n\t\t\t\t<\/div>\n\t\t\t\t\t<\/details>\n\t\t\t\t\t\t<details id=\"e-n-accordion-item-1941\" class=\"e-n-accordion-item\" >\n\t\t\t\t<summary class=\"e-n-accordion-item-title\" data-accordion-index=\"2\" tabindex=\"-1\" aria-expanded=\"false\" aria-controls=\"e-n-accordion-item-1941\" >\n\t\t\t\t\t<span class='e-n-accordion-item-title-header'><h3 class=\"e-n-accordion-item-title-text\"> ATTIVIT\u00c0 FORMATIVE SELEZIONATE <\/h3><\/span>\n\t\t\t\t\t\t\t\t\t<\/summary>\n\t\t\t\t<div role=\"region\" aria-labelledby=\"e-n-accordion-item-1941\" class=\"elementor-element elementor-element-20f086c3 e-con-full e-flex e-con e-child\" data-id=\"20f086c3\" data-element_type=\"container\" data-e-type=\"container\">\n\t\t<div role=\"region\" aria-labelledby=\"e-n-accordion-item-1941\" class=\"elementor-element elementor-element-45c34658 e-flex e-con-boxed e-con e-child\" data-id=\"45c34658\" data-element_type=\"container\" data-e-type=\"container\">\n\t\t\t\t\t<div class=\"e-con-inner\">\n\t\t\t\t<div class=\"elementor-element elementor-element-5bf00bb1 elementor-widget elementor-widget-text-editor\" data-id=\"5bf00bb1\" data-element_type=\"widget\" data-e-type=\"widget\" data-widget_type=\"text-editor.default\">\n\t\t\t\t<div class=\"elementor-widget-container\">\n\t\t\t\t\t\t\t\t\t<p>\u2013 Introduzione all\u2019ADR, 2020, L\u2019Istituto degli Arbitri Accreditati (Con una valutazione del 90%)<\/p><p>\u2013 Programma di Formazione sulla Conciliazione (Ankara\/Turchia), Ordine degli Avvocati di Ankara, 2019.<\/p><p>\u2013 Programma di Formazione sulla Mediazione nelle Controversie Commerciali, Unione degli Ordini degli Avvocati Turchi, 2019<\/p><p>\u2013 Programma di Formazione sulla Mediazione nelle Controversie Civili, Universit\u00e0 di Hacettepe, 2019.<\/p><p>\u2013 Programma di Certificato di Arbitrato Internazionale: Teoria e Pratica della Camera Arbitrale di Milano (Ankara\/Turchia), ILIDA (Associazione Internazionale di Diritto, Investimenti e Sviluppo), 2019.<\/p><p>\u2013 Corso di Comunicazione Strategica, 2015, NATO Centro di Formazione del Partenariato per la Pace.<\/p><p>\u2013 Corso di Gestione del Progetto, 2015, Centro di Formazione delle Industrie e delle Tecnologie della Difesa.<\/p><p>\u2013 Corso di Gestione delle Risorse Umane, 2014, Istituto di Scienze della Difesa.<\/p>\t\t\t\t\t\t\t\t<\/div>\n\t\t\t\t<\/div>\n\t\t\t\t\t<\/div>\n\t\t\t\t<\/div>\n\t\t\t\t<\/div>\n\t\t\t\t\t<\/details>\n\t\t\t\t\t\t<details id=\"e-n-accordion-item-1942\" class=\"e-n-accordion-item\" >\n\t\t\t\t<summary class=\"e-n-accordion-item-title\" data-accordion-index=\"3\" tabindex=\"-1\" aria-expanded=\"false\" aria-controls=\"e-n-accordion-item-1942\" >\n\t\t\t\t\t<span class='e-n-accordion-item-title-header'><h3 class=\"e-n-accordion-item-title-text\"> PUBBLICAZIONI <\/h3><\/span>\n\t\t\t\t\t\t\t\t\t<\/summary>\n\t\t\t\t<div role=\"region\" aria-labelledby=\"e-n-accordion-item-1942\" class=\"elementor-element elementor-element-2d475e99 e-con-full e-flex e-con e-child\" data-id=\"2d475e99\" data-element_type=\"container\" data-e-type=\"container\">\n\t\t<div role=\"region\" aria-labelledby=\"e-n-accordion-item-1942\" class=\"elementor-element elementor-element-27ae5f86 e-flex e-con-boxed e-con e-child\" data-id=\"27ae5f86\" data-element_type=\"container\" data-e-type=\"container\">\n\t\t\t\t\t<div class=\"e-con-inner\">\n\t\t\t\t<div class=\"elementor-element elementor-element-544b9425 elementor-widget elementor-widget-text-editor\" data-id=\"544b9425\" data-element_type=\"widget\" data-e-type=\"widget\" data-widget_type=\"text-editor.default\">\n\t\t\t\t<div class=\"elementor-widget-container\">\n\t\t\t\t\t\t\t\t\t<p>LIBRO<\/p><p>\u2013 Il diritto all\u2019Oblio<br \/>(\u201cDiritto all\u2019Oblio), Aristotele Editoria, 2020, ISBN: 9786257067485<\/p><p>ARTICOLI DI GIORNALE<\/p><p>\u2013 \u201cRagioni Esterne delle Violazioni dei Diritti Umani\u201d, Revisione dei Diritti Umani, Anno:8, Numero:14, Dicembre 2017<\/p><p>\u2013 \u201cLa Portata e il Contenuto del Principio di Non Respingimento\u201d, La Rivista di Studi sulla Migrazione Volume 4\u2013 Numero 2, Dicembre 2018.<\/p><p>\u2013 \u201cValutazione del Successo del Tribunale Penale Internazionale per l\u2019ex Jugoslavia\u201d, Rivista di Diritto e Giustizia, Anno 9- Numero 17, Dicembre 2018<\/p>\t\t\t\t\t\t\t\t<\/div>\n\t\t\t\t<\/div>\n\t\t\t\t\t<\/div>\n\t\t\t\t<\/div>\n\t\t\t\t<\/div>\n\t\t\t\t\t<\/details>\n\t\t\t\t\t\t<details id=\"e-n-accordion-item-1943\" class=\"e-n-accordion-item\" >\n\t\t\t\t<summary class=\"e-n-accordion-item-title\" data-accordion-index=\"4\" tabindex=\"-1\" aria-expanded=\"false\" aria-controls=\"e-n-accordion-item-1943\" >\n\t\t\t\t\t<span class='e-n-accordion-item-title-header'><h3 class=\"e-n-accordion-item-title-text\"> COMPETENZE LINGUISTICHE <\/h3><\/span>\n\t\t\t\t\t\t\t\t\t<\/summary>\n\t\t\t\t<div role=\"region\" aria-labelledby=\"e-n-accordion-item-1943\" class=\"elementor-element elementor-element-2f44004 e-flex e-con-boxed e-con e-child\" data-id=\"2f44004\" data-element_type=\"container\" data-e-type=\"container\">\n\t\t\t\t\t<div class=\"e-con-inner\">\n\t\t<div role=\"region\" aria-labelledby=\"e-n-accordion-item-1943\" class=\"elementor-element elementor-element-49abcc03 e-con-full e-flex e-con e-child\" data-id=\"49abcc03\" data-element_type=\"container\" data-e-type=\"container\">\n\t\t\t\t<div class=\"elementor-element elementor-element-298fece7 elementor-widget elementor-widget-text-editor\" data-id=\"298fece7\" data-element_type=\"widget\" data-e-type=\"widget\" data-widget_type=\"text-editor.default\">\n\t\t\t\t<div class=\"elementor-widget-container\">\n\t\t\t\t\t\t\t\t\t<div class=\"vc_row wpb_row vc_row-fluid\"><div class=\"wpb_column vc_column_container vc_col-sm-12\"><div class=\"vc_column-inner\"><div class=\"wpb_wrapper\"><div class=\"vc_tta-container\" data-vc-action=\"collapseAll\"><div class=\"vc_general vc_tta vc_tta-accordion vc_tta-color-grey vc_tta-style-classic vc_tta-shape-rounded vc_tta-o-shape-group vc_tta-controls-align-left vc_tta-o-all-clickable\"><div class=\"vc_tta-panels-container\"><div class=\"vc_tta-panels\"><div id=\"1593157812119-4bfb188c-f7df\" class=\"vc_tta-panel vc_active\" data-vc-content=\".vc_tta-panel-body\"><div class=\"vc_tta-panel-body\"><div class=\"wpb_text_column wpb_content_element \"><div class=\"wpb_wrapper\"><div id=\"page-content\"><div id=\"default_page\"><div class=\"container\"><div class=\"contentarea clearfix\"><div class=\"vc_row wpb_row vc_row-fluid\"><div class=\"wpb_column vc_column_container vc_col-sm-12\"><div class=\"vc_column-inner\"><div class=\"wpb_wrapper\"><div class=\"vc_tta-container\" data-vc-action=\"collapseAll\"><div class=\"vc_general vc_tta vc_tta-accordion vc_tta-color-grey vc_tta-style-classic vc_tta-shape-rounded vc_tta-o-shape-group vc_tta-controls-align-left vc_tta-o-all-clickable\"><div class=\"vc_tta-panels-container\"><div class=\"vc_tta-panels\"><div id=\"1593160424274-8378c33b-5a49\" class=\"vc_tta-panel vc_active\" data-vc-content=\".vc_tta-panel-body\"><div class=\"vc_tta-panel-body\"><div class=\"wpb_text_column wpb_content_element \"><div class=\"wpb_wrapper\"><div id=\"page-content\"><div id=\"default_page\"><div class=\"container\"><div class=\"contentarea clearfix\"><div class=\"vc_row wpb_row vc_row-fluid\"><div class=\"wpb_column vc_column_container vc_col-sm-12\"><div class=\"vc_column-inner\"><div class=\"wpb_wrapper\"><div class=\"vc_tta-container\" data-vc-action=\"collapseAll\"><div class=\"vc_general vc_tta vc_tta-accordion vc_tta-color-grey vc_tta-style-classic vc_tta-shape-rounded vc_tta-o-shape-group vc_tta-controls-align-left vc_tta-o-all-clickable\"><div class=\"vc_tta-panels-container\"><div class=\"vc_tta-panels\"><div id=\"1593160424274-8378c33b-5a49\" class=\"vc_tta-panel vc_active\" data-vc-content=\".vc_tta-panel-body\"><div class=\"vc_tta-panel-body\"><div class=\"wpb_text_column wpb_content_element \"><div class=\"wpb_wrapper\"><p>Turco (nativo) \/ Inglese (fluente) \/ Italiano (principiante)<\/p><\/div><\/div><\/div><\/div><\/div><\/div><\/div><\/div><\/div><\/div><\/div><\/div><\/div><\/div><\/div><\/div><footer class=\"boxed\"><div id=\"prefooter_area\"><div class=\"container\"><div class=\"row\"><div class=\"col-md-4 col-1\">\u00a0<\/div><\/div><\/div><\/div><\/footer><\/div><\/div><\/div><\/div><\/div><\/div><\/div><\/div><\/div><\/div><\/div><\/div><\/div><\/div><\/div><\/div><\/div><\/div><\/div><\/div><\/div><\/div><\/div><\/div><\/div><\/div><\/div><\/div>\t\t\t\t\t\t\t\t<\/div>\n\t\t\t\t<\/div>\n\t\t\t\t<\/div>\n\t\t\t\t\t<\/div>\n\t\t\t\t<\/div>\n\t\t\t\t\t<\/details>\n\t\t\t\t\t<\/div>\n\t\t\t\t\t\t<\/div>\n\t\t\t\t<\/div>\n\t\t\t\t<\/div>\n\t\t\t\t\t<\/div>\n\t\t\t\t<\/div>\n\t\t\t\t<\/div>\n\t\t","protected":false},"excerpt":{"rendered":"<p>Avvocato G\u00f6kberk Tekin &#8211; Ankara \/ \u0130stanbul G\u00f6kberk Tekin si \u00e8 laureato alla Scuola Superiore Militare di Kuleli, all\u2019Accademia Militare Turca (Laurea in Ingegneria dei Sistemi), alla Facolt\u00e0 di Legge dell\u2019Universit\u00e0 di Selcuk (LL.B.), all\u2019Universit\u00e0 di Aberystwyth (LL.M.) e alla Facolt\u00e0 di Legge dell\u2019Universit\u00e0 di Ankara (LL.M.). Ha servito come ufficiale di progetto legislativo nello [&hellip;]<\/p>\n","protected":false},"author":1,"featured_media":0,"parent":0,"menu_order":0,"comment_status":"closed","ping_status":"closed","template":"","meta":{"_uag_custom_page_level_css":"","site-sidebar-layout":"default","site-content-layout":"","ast-site-content-layout":"default","site-content-style":"default","site-sidebar-style":"default","ast-global-header-display":"","ast-banner-title-visibility":"","ast-main-header-display":"","ast-hfb-above-header-display":"","ast-hfb-below-header-display":"","ast-hfb-mobile-header-display":"","site-post-title":"disabled","ast-breadcrumbs-content":"","ast-featured-img":"","footer-sml-layout":"","ast-disable-related-posts":"","theme-transparent-header-meta":"default","adv-header-id-meta":"","stick-header-meta":"default","header-above-stick-meta":"","header-main-stick-meta":"","header-below-stick-meta":"","astra-migrate-meta-layouts":"set","ast-page-background-enabled":"default","ast-page-background-meta":{"desktop":{"background-color":"","background-image":"","background-repeat":"repeat","background-position":"center center","background-size":"auto","background-attachment":"scroll","background-type":"","background-media":"","overlay-type":"","overlay-color":"","overlay-opacity":"","overlay-gradient":""},"tablet":{"background-color":"","background-image":"","background-repeat":"repeat","background-position":"center center","background-size":"auto","background-attachment":"scroll","background-type":"","background-media":"","overlay-type":"","overlay-color":"","overlay-opacity":"","overlay-gradient":""},"mobile":{"background-color":"","background-image":"","background-repeat":"repeat","background-position":"center center","background-size":"auto","background-attachment":"scroll","background-type":"","background-media":"","overlay-type":"","overlay-color":"","overlay-opacity":"","overlay-gradient":""}},"ast-content-background-meta":{"desktop":{"background-color":"var(--ast-global-color-5)","background-image":"","background-repeat":"repeat","background-position":"center center","background-size":"auto","background-attachment":"scroll","background-type":"","background-media":"","overlay-type":"","overlay-color":"","overlay-opacity":"","overlay-gradient":""},"tablet":{"background-color":"var(--ast-global-color-5)","background-image":"","background-repeat":"repeat","background-position":"center center","background-size":"auto","background-attachment":"scroll","background-type":"","background-media":"","overlay-type":"","overlay-color":"","overlay-opacity":"","overlay-gradient":""},"mobile":{"background-color":"var(--ast-global-color-5)","background-image":"","background-repeat":"repeat","background-position":"center center","background-size":"auto","background-attachment":"scroll","background-type":"","background-media":"","overlay-type":"","overlay-color":"","overlay-opacity":"","overlay-gradient":""}},"footnotes":""},"class_list":["post-3683","page","type-page","status-publish","hentry"],"uagb_featured_image_src":{"full":false,"thumbnail":false,"medium":false,"medium_large":false,"large":false,"1536x1536":false,"2048x2048":false},"uagb_author_info":{"display_name":"Ongur Partners Law Firm","author_link":"https:\/\/ongurpartners.com\/it\/author\/admin"},"uagb_comment_info":0,"uagb_excerpt":"Avvocato G\u00f6kberk Tekin &#8211; Ankara \/ \u0130stanbul G\u00f6kberk Tekin si \u00e8 laureato alla Scuola Superiore Militare di Kuleli, all\u2019Accademia Militare Turca (Laurea in Ingegneria dei Sistemi), alla Facolt\u00e0 di Legge dell\u2019Universit\u00e0 di Selcuk (LL.B.), all\u2019Universit\u00e0 di Aberystwyth (LL.M.) e alla Facolt\u00e0 di Legge dell\u2019Universit\u00e0 di Ankara (LL.M.). Ha servito come ufficiale di progetto legislativo nello&hellip;","_links":{"self":[{"href":"https:\/\/ongurpartners.com\/it\/wp-json\/wp\/v2\/pages\/3683","targetHints":{"allow":["GET"]}}],"collection":[{"href":"https:\/\/ongurpartners.com\/it\/wp-json\/wp\/v2\/pages"}],"about":[{"href":"https:\/\/ongurpartners.com\/it\/wp-json\/wp\/v2\/types\/page"}],"author":[{"embeddable":true,"href":"https:\/\/ongurpartners.com\/it\/wp-json\/wp\/v2\/users\/1"}],"replies":[{"embeddable":true,"href":"https:\/\/ongurpartners.com\/it\/wp-json\/wp\/v2\/comments?post=3683"}],"version-history":[{"count":0,"href":"https:\/\/ongurpartners.com\/it\/wp-json\/wp\/v2\/pages\/3683\/revisions"}],"wp:attachment":[{"href":"https:\/\/ongurpartners.com\/it\/wp-json\/wp\/v2\/media?parent=3683"}],"curies":[{"name":"wp","href":"https:\/\/api.w.org\/{rel}","templated":true}]}}