{"id":3725,"date":"2020-06-16T14:00:39","date_gmt":"2020-06-16T11:00:39","guid":{"rendered":"https:\/\/ongurpartners.com\/?page_id=3725"},"modified":"2026-04-09T13:36:28","modified_gmt":"2026-04-09T10:36:28","slug":"attorney-selva-korkmazcan-isik","status":"publish","type":"page","link":"https:\/\/ongurpartners.com\/it\/attorney-selva-korkmazcan-isik","title":{"rendered":"Avvocatessa Dott.ssa Selva KORKMAZCAN I\u015eIK"},"content":{"rendered":"\t\t<div data-elementor-type=\"wp-page\" data-elementor-id=\"3725\" class=\"elementor elementor-3725\">\n\t\t\t\t<div class=\"elementor-element elementor-element-3c75243c e-flex e-con-boxed e-con e-parent\" data-id=\"3c75243c\" data-element_type=\"container\" data-e-type=\"container\">\n\t\t\t\t\t<div class=\"e-con-inner\">\n\t\t<div class=\"elementor-element elementor-element-2e868330 e-con-full e-flex e-con e-child\" data-id=\"2e868330\" data-element_type=\"container\" data-e-type=\"container\">\n\t\t\t\t<div class=\"elementor-element elementor-element-5e48bdad elementor-widget elementor-widget-uael-infobox\" data-id=\"5e48bdad\" data-element_type=\"widget\" data-e-type=\"widget\" data-widget_type=\"uael-infobox.default\">\n\t\t\t\t<div class=\"elementor-widget-container\">\n\t\t\t\t\t\n<div class=\"uael-module-content uael-infobox uael-imgicon-style-normal  uael-infobox-left  infobox-has-photo uael-infobox-photo-left  uael-infobox-image-valign-top  uael-infobox-stacked-tablet  uael-infobox-link-type-none\">\n\t<div class=\"uael-infobox-left-right-wrap\">\n\t\t\t\t\t\t\t\t<div class=\"uael-module-content uael-imgicon-wrap \">\t\t\t\t\t\t\t\t\t\t\t\n\t\t\t\t\t\t\t\t\t\t\t\t\t\t\t\t<div class=\"uael-image\" itemscope itemtype=\"http:\/\/schema.org\/ImageObject\">\n\t\t\t\t\t\t\t<div class=\"uael-image-content elementor-animation- \">\n\t\t\t\t\t\t\t\t<img fetchpriority=\"high\" decoding=\"async\" width=\"706\" height=\"803\" src=\"https:\/\/ongurpartners.com\/wp-content\/uploads\/2020\/06\/selve-han\u0131m.jpg\" class=\"attachment-full size-full wp-image-4056\" alt=\"\" srcset=\"https:\/\/ongurpartners.com\/wp-content\/uploads\/2020\/06\/selve-han\u0131m.jpg 706w, https:\/\/ongurpartners.com\/wp-content\/uploads\/2020\/06\/selve-han\u0131m-264x300.jpg 264w, https:\/\/ongurpartners.com\/wp-content\/uploads\/2020\/06\/selve-han\u0131m-685x779.jpg 685w, https:\/\/ongurpartners.com\/wp-content\/uploads\/2020\/06\/selve-han\u0131m-570x648.jpg 570w, https:\/\/ongurpartners.com\/wp-content\/uploads\/2020\/06\/selve-han\u0131m-490x557.jpg 490w, https:\/\/ongurpartners.com\/wp-content\/uploads\/2020\/06\/selve-han\u0131m-370x421.jpg 370w, https:\/\/ongurpartners.com\/wp-content\/uploads\/2020\/06\/selve-han\u0131m-270x307.jpg 270w, https:\/\/ongurpartners.com\/wp-content\/uploads\/2020\/06\/selve-han\u0131m-210x239.jpg 210w\" sizes=\"(max-width: 706px) 100vw, 706px\" \/>\t\t\t\t\t\t\t<\/div>\n\t\t\t\t\t\t<\/div>\n\n\t\t\t\t\t\t\t\t\t<\/div>\n\t\t\t\t\t\t<div class=\"uael-infobox-content\">\n\t\t\t\t\t\t<div class='uael-infobox-title-wrap'><h3 class=\"uael-infobox-title elementor-inline-editing\" data-elementor-setting-key=\"infobox_title\" data-elementor-inline-editing-toolbar=\"basic\" >Avvocatessa Dott.ssa Selva KORKMAZCAN I\u015eIK Ankara \/ Istanbul<\/h3><\/div>\t\t\t\t\t\t\t\t\t<div class=\"uael-infobox-text-wrap\">\n\t\t\t\t<div class=\"uael-infobox-text elementor-inline-editing\" data-elementor-setting-key=\"infobox_description\" data-elementor-inline-editing-toolbar=\"advanced\">\n\t\t\t\t\tLa Dottoressa R. Selva Korkmazcan I\u015f\u0131k si \u00e8 laureata alla Facolt\u00e0 di Giurisprudenza dell\u2019Universit\u00e0 di Ankara. Ha conseguito un LLM in Diritto Pubblico presso l\u2019Istituto di Scienze Sociali dell\u2019Universit\u00e0 di Gazi, un D.E.A. in Diritto Internazionale presso l\u2019Universit\u00e0 di Ginevra Istituto Superiore di Studi Internazionali e di Sviluppo e ha conseguito il dottorato in Legge (summa cum laude) presso l\u2019Universit\u00e0 di Friburgo, Svizzera. Ha lavorato come associata presso Ernst&amp;Young (Legge EY) L.L.C. a Tbilisi\/Georgia e come consulente legale per il dipartimento operazioni estere della Ziraat Bank Inc. prima di unirsi alla nostra squadra. Le sue aree di pratica sono il diritto della concorrenza, il diritto commerciale internazionale, l\u2019arbitrato internazionale e il diritto internazionale privato. Parla correntemente l\u2019inglese e ha una conoscenza del francese a livello operativo.\t\t\t\t<\/div>\n\t\t\t\t\t\n\t\t\t\t\t\t\t<\/div>\n\t\t<\/div>\n\t\t\t<\/div>\n<\/div>\n\t\t\t\t<\/div>\n\t\t\t\t<\/div>\n\t\t\t\t<\/div>\n\t\t\t\t\t<\/div>\n\t\t\t\t<\/div>\n\t\t<div class=\"elementor-element elementor-element-37bc9b2a e-flex e-con-boxed e-con e-parent\" data-id=\"37bc9b2a\" data-element_type=\"container\" data-e-type=\"container\">\n\t\t\t\t\t<div class=\"e-con-inner\">\n\t\t<div class=\"elementor-element elementor-element-1998752c e-con-full e-flex e-con e-child\" data-id=\"1998752c\" data-element_type=\"container\" data-e-type=\"container\">\n\t\t\t\t<div class=\"elementor-element elementor-element-5813acdb akordion elementor-widget elementor-widget-n-accordion\" data-id=\"5813acdb\" data-element_type=\"widget\" data-e-type=\"widget\" data-settings=\"{&quot;default_state&quot;:&quot;all_collapsed&quot;,&quot;max_items_expended&quot;:&quot;one&quot;,&quot;n_accordion_animation_duration&quot;:{&quot;unit&quot;:&quot;ms&quot;,&quot;size&quot;:400,&quot;sizes&quot;:[]}}\" data-widget_type=\"nested-accordion.default\">\n\t\t\t\t<div class=\"elementor-widget-container\">\n\t\t\t\t\t\t\t<div class=\"e-n-accordion\" aria-label=\"Accordion. Open links with Enter or Space, close with Escape, and navigate with Arrow Keys\">\n\t\t\t\t\t\t<details id=\"e-n-accordion-item-1470\" class=\"e-n-accordion-item\" >\n\t\t\t\t<summary class=\"e-n-accordion-item-title\" data-accordion-index=\"1\" tabindex=\"0\" aria-expanded=\"false\" aria-controls=\"e-n-accordion-item-1470\" >\n\t\t\t\t\t<span class='e-n-accordion-item-title-header'><h3 class=\"e-n-accordion-item-title-text\"> EDUCAZIONE <\/h3><\/span>\n\t\t\t\t\t\t\t\t\t<\/summary>\n\t\t\t\t<div role=\"region\" aria-labelledby=\"e-n-accordion-item-1470\" class=\"elementor-element elementor-element-72ad91c0 e-con-full e-flex e-con e-child\" data-id=\"72ad91c0\" data-element_type=\"container\" data-e-type=\"container\">\n\t\t<div role=\"region\" aria-labelledby=\"e-n-accordion-item-1470\" class=\"elementor-element elementor-element-2cc285c e-flex e-con-boxed e-con e-child\" data-id=\"2cc285c\" data-element_type=\"container\" data-e-type=\"container\">\n\t\t\t\t\t<div class=\"e-con-inner\">\n\t\t\t\t<div class=\"elementor-element elementor-element-4f14d838 elementor-widget elementor-widget-text-editor\" data-id=\"4f14d838\" data-element_type=\"widget\" data-e-type=\"widget\" data-widget_type=\"text-editor.default\">\n\t\t\t\t<div class=\"elementor-widget-container\">\n\t\t\t\t\t\t\t\t\t<p><strong>STUDI POST-LAUREA<\/strong><\/p><p>\u2013 Universit\u00e0 di Friburgo, Svizzera, Dottorato in Legge, 2007-2015<\/p><p>\u2013 Universit\u00e0 di Ginevra, Svizzera Istituto di Studi Internazionali e di Sviluppo, Diploma d\u2019Etudes Approfondies in Relazioni Internazionali (Specializzazione: Diritto Internazionale), 2005-2007<\/p><p>\u2013 Istituto di Scienze Sociali dell\u2019Universit\u00e0 di Gazi, LLM in Diritto Pubblico, 2001-2004<\/p><p><strong>STUDI UNIVERSITARI<\/strong><\/p><p>\u2013 Universit\u00e0 di Ankara, LLB, 1995-1999<\/p><p><strong>SCUOLA SUPERIORE<\/strong><\/p><p>\u2013 K\u00f6nig Heinrich Schule Gymnasium, Fritzlar\/ Germania 1994-1995<\/p><p>\u2013 TED Ankara College Foundation High School, 1991-1994\u00a0<\/p>\t\t\t\t\t\t\t\t<\/div>\n\t\t\t\t<\/div>\n\t\t\t\t\t<\/div>\n\t\t\t\t<\/div>\n\t\t\t\t<\/div>\n\t\t\t\t\t<\/details>\n\t\t\t\t\t\t<details id=\"e-n-accordion-item-1471\" class=\"e-n-accordion-item\" >\n\t\t\t\t<summary class=\"e-n-accordion-item-title\" data-accordion-index=\"2\" tabindex=\"-1\" aria-expanded=\"false\" aria-controls=\"e-n-accordion-item-1471\" >\n\t\t\t\t\t<span class='e-n-accordion-item-title-header'><h3 class=\"e-n-accordion-item-title-text\"> ATTIVIT\u00c0 FORMATIVE SELEZIONATE <\/h3><\/span>\n\t\t\t\t\t\t\t\t\t<\/summary>\n\t\t\t\t<div role=\"region\" aria-labelledby=\"e-n-accordion-item-1471\" class=\"elementor-element elementor-element-eb030c4 e-con-full e-flex e-con e-child\" data-id=\"eb030c4\" data-element_type=\"container\" data-e-type=\"container\">\n\t\t<div role=\"region\" aria-labelledby=\"e-n-accordion-item-1471\" class=\"elementor-element elementor-element-1b3de4b2 e-flex e-con-boxed e-con e-child\" data-id=\"1b3de4b2\" data-element_type=\"container\" data-e-type=\"container\">\n\t\t\t\t\t<div class=\"e-con-inner\">\n\t\t\t\t<div class=\"elementor-element elementor-element-2b78322b elementor-widget elementor-widget-text-editor\" data-id=\"2b78322b\" data-element_type=\"widget\" data-e-type=\"widget\" data-widget_type=\"text-editor.default\">\n\t\t\t\t<div class=\"elementor-widget-container\">\n\t\t\t\t\t\t\t\t\t<p>Risoluzione delle Controversie Transfrontaliere Aspetti Selezionati, Maggio 2018, Istituto Britannico di Diritto Internazionale e Comparato, Londra<\/p><p>\u2013 Tecniche di Redazione dei Contratti, Febbraio 2019, Unione degli Avvocati Turchi, Ankara<\/p>\t\t\t\t\t\t\t\t<\/div>\n\t\t\t\t<\/div>\n\t\t\t\t\t<\/div>\n\t\t\t\t<\/div>\n\t\t\t\t<\/div>\n\t\t\t\t\t<\/details>\n\t\t\t\t\t\t<details id=\"e-n-accordion-item-1472\" class=\"e-n-accordion-item\" >\n\t\t\t\t<summary class=\"e-n-accordion-item-title\" data-accordion-index=\"3\" tabindex=\"-1\" aria-expanded=\"false\" aria-controls=\"e-n-accordion-item-1472\" >\n\t\t\t\t\t<span class='e-n-accordion-item-title-header'><h3 class=\"e-n-accordion-item-title-text\"> PUBBLICAZIONI E INTERVISTE SELEZIONATE <\/h3><\/span>\n\t\t\t\t\t\t\t\t\t<\/summary>\n\t\t\t\t<div role=\"region\" aria-labelledby=\"e-n-accordion-item-1472\" class=\"elementor-element elementor-element-61a1571 e-con-full e-flex e-con e-child\" data-id=\"61a1571\" data-element_type=\"container\" data-e-type=\"container\">\n\t\t<div role=\"region\" aria-labelledby=\"e-n-accordion-item-1472\" class=\"elementor-element elementor-element-2e8af46a e-flex e-con-boxed e-con e-child\" data-id=\"2e8af46a\" data-element_type=\"container\" data-e-type=\"container\">\n\t\t\t\t\t<div class=\"e-con-inner\">\n\t\t\t\t<div class=\"elementor-element elementor-element-65adcc66 elementor-widget elementor-widget-text-editor\" data-id=\"65adcc66\" data-element_type=\"widget\" data-e-type=\"widget\" data-widget_type=\"text-editor.default\">\n\t\t\t\t<div class=\"elementor-widget-container\">\n\t\t\t\t\t\t\t\t\t<p>Il Controllo e l\u2019Esecuzione degli Impegni attraverso l\u2019Arbitrato nel Diritto della Concorrenza UE, Schultess Juristische Medien AG, Zurigo [2015], ISBN 978-3-7255-7372-1<\/p>\t\t\t\t\t\t\t\t<\/div>\n\t\t\t\t<\/div>\n\t\t\t\t\t<\/div>\n\t\t\t\t<\/div>\n\t\t\t\t<\/div>\n\t\t\t\t\t<\/details>\n\t\t\t\t\t\t<details id=\"e-n-accordion-item-1473\" class=\"e-n-accordion-item\" >\n\t\t\t\t<summary class=\"e-n-accordion-item-title\" data-accordion-index=\"4\" tabindex=\"-1\" aria-expanded=\"false\" aria-controls=\"e-n-accordion-item-1473\" >\n\t\t\t\t\t<span class='e-n-accordion-item-title-header'><h3 class=\"e-n-accordion-item-title-text\"> COMPETENZE LINGUISTICHE <\/h3><\/span>\n\t\t\t\t\t\t\t\t\t<\/summary>\n\t\t\t\t<div role=\"region\" aria-labelledby=\"e-n-accordion-item-1473\" class=\"elementor-element elementor-element-627b696a e-flex e-con-boxed e-con e-child\" data-id=\"627b696a\" data-element_type=\"container\" data-e-type=\"container\">\n\t\t\t\t\t<div class=\"e-con-inner\">\n\t\t<div role=\"region\" aria-labelledby=\"e-n-accordion-item-1473\" class=\"elementor-element elementor-element-81573bd e-con-full e-flex e-con e-child\" data-id=\"81573bd\" data-element_type=\"container\" data-e-type=\"container\">\n\t\t\t\t<div class=\"elementor-element elementor-element-95db13e elementor-widget elementor-widget-text-editor\" data-id=\"95db13e\" data-element_type=\"widget\" data-e-type=\"widget\" data-widget_type=\"text-editor.default\">\n\t\t\t\t<div class=\"elementor-widget-container\">\n\t\t\t\t\t\t\t\t\t<div class=\"vc_row wpb_row vc_row-fluid\"><div class=\"wpb_column vc_column_container vc_col-sm-12\"><div class=\"vc_column-inner\"><div class=\"wpb_wrapper\"><div class=\"vc_tta-container\" data-vc-action=\"collapseAll\"><div class=\"vc_general vc_tta vc_tta-accordion vc_tta-color-grey vc_tta-style-classic vc_tta-shape-rounded vc_tta-o-shape-group vc_tta-controls-align-left vc_tta-o-all-clickable\"><div class=\"vc_tta-panels-container\"><div class=\"vc_tta-panels\"><div id=\"1593157812119-4bfb188c-f7df\" class=\"vc_tta-panel vc_active\" data-vc-content=\".vc_tta-panel-body\"><div class=\"vc_tta-panel-body\"><div class=\"wpb_text_column wpb_content_element \"><div class=\"wpb_wrapper\"><div id=\"page-content\"><div id=\"default_page\"><div class=\"container\"><div class=\"contentarea clearfix\"><div class=\"vc_row wpb_row vc_row-fluid\"><div class=\"wpb_column vc_column_container vc_col-sm-12\"><div class=\"vc_column-inner\"><div class=\"wpb_wrapper\"><div class=\"vc_tta-container\" data-vc-action=\"collapseAll\"><div class=\"vc_general vc_tta vc_tta-accordion vc_tta-color-grey vc_tta-style-classic vc_tta-shape-rounded vc_tta-o-shape-group vc_tta-controls-align-left vc_tta-o-all-clickable\"><div class=\"vc_tta-panels-container\"><div class=\"vc_tta-panels\"><div id=\"1593160482405-13920dd9-dac8\" class=\"vc_tta-panel vc_active\" data-vc-content=\".vc_tta-panel-body\"><div class=\"vc_tta-panel-body\"><div class=\"wpb_text_column wpb_content_element \"><div class=\"wpb_wrapper\"><p>Turkish (native) \/ English (fluent) \/ French (reading) \/ German (basic)<\/p><\/div><\/div><\/div><\/div><\/div><\/div><\/div><\/div><\/div><\/div><\/div><\/div><\/div><\/div><\/div><\/div><footer class=\"boxed\"><div id=\"prefooter_area\"><div class=\"container\"><div class=\"row\"><div class=\"col-md-4 col-1\">\u00a0<\/div><\/div><\/div><\/div><\/footer><\/div><\/div><\/div><\/div><\/div><\/div><\/div><\/div><\/div><\/div><\/div><\/div>\t\t\t\t\t\t\t\t<\/div>\n\t\t\t\t<\/div>\n\t\t\t\t<\/div>\n\t\t\t\t\t<\/div>\n\t\t\t\t<\/div>\n\t\t\t\t\t<\/details>\n\t\t\t\t\t<\/div>\n\t\t\t\t\t\t<\/div>\n\t\t\t\t<\/div>\n\t\t\t\t<\/div>\n\t\t\t\t\t<\/div>\n\t\t\t\t<\/div>\n\t\t\t\t<\/div>\n\t\t","protected":false},"excerpt":{"rendered":"<p>Avvocatessa Dott.ssa Selva KORKMAZCAN I\u015eIK Ankara \/ Istanbul La Dottoressa R. Selva Korkmazcan I\u015f\u0131k si \u00e8 laureata alla Facolt\u00e0 di Giurisprudenza dell\u2019Universit\u00e0 di Ankara. Ha conseguito un LLM in Diritto Pubblico presso l\u2019Istituto di Scienze Sociali dell\u2019Universit\u00e0 di Gazi, un D.E.A. in Diritto Internazionale presso l\u2019Universit\u00e0 di Ginevra Istituto Superiore di Studi Internazionali e di [&hellip;]<\/p>\n","protected":false},"author":1,"featured_media":0,"parent":0,"menu_order":0,"comment_status":"closed","ping_status":"closed","template":"","meta":{"_uag_custom_page_level_css":"","site-sidebar-layout":"default","site-content-layout":"","ast-site-content-layout":"default","site-content-style":"default","site-sidebar-style":"default","ast-global-header-display":"","ast-banner-title-visibility":"","ast-main-header-display":"","ast-hfb-above-header-display":"","ast-hfb-below-header-display":"","ast-hfb-mobile-header-display":"","site-post-title":"disabled","ast-breadcrumbs-content":"","ast-featured-img":"","footer-sml-layout":"","ast-disable-related-posts":"","theme-transparent-header-meta":"default","adv-header-id-meta":"","stick-header-meta":"default","header-above-stick-meta":"","header-main-stick-meta":"","header-below-stick-meta":"","astra-migrate-meta-layouts":"set","ast-page-background-enabled":"default","ast-page-background-meta":{"desktop":{"background-color":"","background-image":"","background-repeat":"repeat","background-position":"center center","background-size":"auto","background-attachment":"scroll","background-type":"","background-media":"","overlay-type":"","overlay-color":"","overlay-opacity":"","overlay-gradient":""},"tablet":{"background-color":"","background-image":"","background-repeat":"repeat","background-position":"center center","background-size":"auto","background-attachment":"scroll","background-type":"","background-media":"","overlay-type":"","overlay-color":"","overlay-opacity":"","overlay-gradient":""},"mobile":{"background-color":"","background-image":"","background-repeat":"repeat","background-position":"center center","background-size":"auto","background-attachment":"scroll","background-type":"","background-media":"","overlay-type":"","overlay-color":"","overlay-opacity":"","overlay-gradient":""}},"ast-content-background-meta":{"desktop":{"background-color":"var(--ast-global-color-5)","background-image":"","background-repeat":"repeat","background-position":"center center","background-size":"auto","background-attachment":"scroll","background-type":"","background-media":"","overlay-type":"","overlay-color":"","overlay-opacity":"","overlay-gradient":""},"tablet":{"background-color":"var(--ast-global-color-5)","background-image":"","background-repeat":"repeat","background-position":"center center","background-size":"auto","background-attachment":"scroll","background-type":"","background-media":"","overlay-type":"","overlay-color":"","overlay-opacity":"","overlay-gradient":""},"mobile":{"background-color":"var(--ast-global-color-5)","background-image":"","background-repeat":"repeat","background-position":"center center","background-size":"auto","background-attachment":"scroll","background-type":"","background-media":"","overlay-type":"","overlay-color":"","overlay-opacity":"","overlay-gradient":""}},"footnotes":""},"class_list":["post-3725","page","type-page","status-publish","hentry"],"uagb_featured_image_src":{"full":false,"thumbnail":false,"medium":false,"medium_large":false,"large":false,"1536x1536":false,"2048x2048":false},"uagb_author_info":{"display_name":"Ongur Partners Law Firm","author_link":"https:\/\/ongurpartners.com\/it\/author\/admin"},"uagb_comment_info":0,"uagb_excerpt":"Avvocatessa Dott.ssa Selva KORKMAZCAN I\u015eIK Ankara \/ Istanbul La Dottoressa R. Selva Korkmazcan I\u015f\u0131k si \u00e8 laureata alla Facolt\u00e0 di Giurisprudenza dell\u2019Universit\u00e0 di Ankara. Ha conseguito un LLM in Diritto Pubblico presso l\u2019Istituto di Scienze Sociali dell\u2019Universit\u00e0 di Gazi, un D.E.A. in Diritto Internazionale presso l\u2019Universit\u00e0 di Ginevra Istituto Superiore di Studi Internazionali e di&hellip;","_links":{"self":[{"href":"https:\/\/ongurpartners.com\/it\/wp-json\/wp\/v2\/pages\/3725","targetHints":{"allow":["GET"]}}],"collection":[{"href":"https:\/\/ongurpartners.com\/it\/wp-json\/wp\/v2\/pages"}],"about":[{"href":"https:\/\/ongurpartners.com\/it\/wp-json\/wp\/v2\/types\/page"}],"author":[{"embeddable":true,"href":"https:\/\/ongurpartners.com\/it\/wp-json\/wp\/v2\/users\/1"}],"replies":[{"embeddable":true,"href":"https:\/\/ongurpartners.com\/it\/wp-json\/wp\/v2\/comments?post=3725"}],"version-history":[{"count":0,"href":"https:\/\/ongurpartners.com\/it\/wp-json\/wp\/v2\/pages\/3725\/revisions"}],"wp:attachment":[{"href":"https:\/\/ongurpartners.com\/it\/wp-json\/wp\/v2\/media?parent=3725"}],"curies":[{"name":"wp","href":"https:\/\/api.w.org\/{rel}","templated":true}]}}