{"id":4003,"date":"2020-06-19T14:19:38","date_gmt":"2020-06-19T11:19:38","guid":{"rendered":"https:\/\/ongurpartners.com\/?page_id=4003"},"modified":"2026-04-09T13:32:32","modified_gmt":"2026-04-09T10:32:32","slug":"our-team","status":"publish","type":"page","link":"https:\/\/ongurpartners.com\/it\/our-team","title":{"rendered":"La Nostra Squadra"},"content":{"rendered":"\t\t<div data-elementor-type=\"wp-page\" data-elementor-id=\"4003\" class=\"elementor elementor-4003\">\n\t\t\t\t<div class=\"elementor-element elementor-element-d94f1ff e-flex e-con-boxed e-con e-parent\" data-id=\"d94f1ff\" data-element_type=\"container\" data-e-type=\"container\">\n\t\t\t\t\t<div class=\"e-con-inner\">\n\t\t<div class=\"elementor-element elementor-element-5c8bd0e e-con-full e-flex e-con e-child\" data-id=\"5c8bd0e\" data-element_type=\"container\" data-e-type=\"container\">\n\t\t<div class=\"elementor-element elementor-element-c0f6bfb e-con-full e-flex e-con e-child\" data-id=\"c0f6bfb\" data-element_type=\"container\" data-e-type=\"container\">\n\t\t\t\t<div class=\"elementor-element elementor-element-b2b6ac7 elementor-widget elementor-widget-heading\" data-id=\"b2b6ac7\" data-element_type=\"widget\" data-e-type=\"widget\" data-widget_type=\"heading.default\">\n\t\t\t\t<div class=\"elementor-widget-container\">\n\t\t\t\t\t<h2 class=\"elementor-heading-title elementor-size-default\">LA NOSTRA SQUADRA\n<\/h2>\t\t\t\t<\/div>\n\t\t\t\t<\/div>\n\t\t\t\t<div class=\"elementor-element elementor-element-5e8c0f6 elementor-widget-divider--view-line elementor-widget elementor-widget-divider\" data-id=\"5e8c0f6\" data-element_type=\"widget\" data-e-type=\"widget\" data-widget_type=\"divider.default\">\n\t\t\t\t<div class=\"elementor-widget-container\">\n\t\t\t\t\t\t\t<div class=\"elementor-divider\">\n\t\t\t<span class=\"elementor-divider-separator\">\n\t\t\t\t\t\t<\/span>\n\t\t<\/div>\n\t\t\t\t\t\t<\/div>\n\t\t\t\t<\/div>\n\t\t\t\t<\/div>\n\t\t\t\t<\/div>\n\t\t\t\t\t<\/div>\n\t\t\t\t<\/div>\n\t\t<div class=\"elementor-element elementor-element-a32cb6f e-flex e-con-boxed e-con e-parent\" data-id=\"a32cb6f\" data-element_type=\"container\" data-e-type=\"container\">\n\t\t\t\t\t<div class=\"e-con-inner\">\n\t\t<div class=\"elementor-element elementor-element-0d48d26 e-con-full e-flex e-con e-child\" data-id=\"0d48d26\" data-element_type=\"container\" data-e-type=\"container\">\n\t\t<div class=\"elementor-element elementor-element-b91806a e-con-full e-flex e-con e-child\" data-id=\"b91806a\" data-element_type=\"container\" data-e-type=\"container\">\n\t\t\t\t<div class=\"elementor-element elementor-element-c1cfd9d elementor-invisible elementor-widget elementor-widget-uael-infobox\" data-id=\"c1cfd9d\" data-element_type=\"widget\" data-e-type=\"widget\" data-settings=\"{&quot;_animation&quot;:&quot;fadeIn&quot;}\" data-widget_type=\"uael-infobox.default\">\n\t\t\t\t<div class=\"elementor-widget-container\">\n\t\t\t\t\t\n<div class=\"uael-module-content uael-infobox uael-imgicon-style-normal  infobox-has-photo uael-infobox-photo-above-title  uael-infobox-link-type-module\">\n\t<div class=\"uael-infobox-left-right-wrap\">\n\t\t\t\t\t<a href=\"https:\/\/www.ongurpartners.com\/attorney-arzu-ongur?lang=it\" class=\"uael-infobox-module-link\" aria-label=\"Infobox Link\"><\/a>\n\t\t\t\t\t\t\t<div class=\"uael-infobox-content\">\n\t\t\t\t\t\t\t<div class=\"uael-module-content uael-imgicon-wrap \">\t\t\t\t\t\t\t\t\t\t\t\n\t\t\t\t\t\t\t\t\t\t\t\t\t\t\t\t<div class=\"uael-image\" itemscope itemtype=\"http:\/\/schema.org\/ImageObject\">\n\t\t\t\t\t\t\t<div class=\"uael-image-content elementor-animation- \">\n\t\t\t\t\t\t\t\t<img fetchpriority=\"high\" decoding=\"async\" width=\"706\" height=\"803\" src=\"https:\/\/ongurpartners.com\/wp-content\/uploads\/2020\/06\/arzy-han\u0131mson-web.jpg\" class=\"attachment-full size-full wp-image-1071\" alt=\"\" srcset=\"https:\/\/ongurpartners.com\/wp-content\/uploads\/2020\/06\/arzy-han\u0131mson-web.jpg 706w, https:\/\/ongurpartners.com\/wp-content\/uploads\/2020\/06\/arzy-han\u0131mson-web-264x300.jpg 264w, https:\/\/ongurpartners.com\/wp-content\/uploads\/2020\/06\/arzy-han\u0131mson-web-685x779.jpg 685w, https:\/\/ongurpartners.com\/wp-content\/uploads\/2020\/06\/arzy-han\u0131mson-web-570x648.jpg 570w, https:\/\/ongurpartners.com\/wp-content\/uploads\/2020\/06\/arzy-han\u0131mson-web-490x557.jpg 490w, https:\/\/ongurpartners.com\/wp-content\/uploads\/2020\/06\/arzy-han\u0131mson-web-370x421.jpg 370w, https:\/\/ongurpartners.com\/wp-content\/uploads\/2020\/06\/arzy-han\u0131mson-web-270x307.jpg 270w, https:\/\/ongurpartners.com\/wp-content\/uploads\/2020\/06\/arzy-han\u0131mson-web-210x239.jpg 210w\" sizes=\"(max-width: 706px) 100vw, 706px\" \/>\t\t\t\t\t\t\t<\/div>\n\t\t\t\t\t\t<\/div>\n\n\t\t\t\t\t\t\t\t\t<\/div>\n\t\t\t\t\t\t\t<div class='uael-infobox-title-wrap'><h6 class=\"uael-infobox-title-prefix elementor-inline-editing\" data-elementor-setting-key=\"infobox_title_prefix\" data-elementor-inline-editing-toolbar=\"basic\" >Avvocatessa Arzu ONGUR LL.M.<\/h6><h5 class=\"uael-infobox-title elementor-inline-editing\" data-elementor-setting-key=\"infobox_title\" data-elementor-inline-editing-toolbar=\"basic\" >Socio Amministratore Ankara \/ Istanbul<\/h5><\/div>\t\t\t\t\t\t\t\t\t<div class=\"uael-infobox-text-wrap\">\n\t\t\t\t<div class=\"uael-infobox-text elementor-inline-editing\" data-elementor-setting-key=\"infobox_description\" data-elementor-inline-editing-toolbar=\"advanced\">\n\t\t\t\t\t\t\t\t\t<\/div>\n\t\t\t\t\t\n\t\t\t\t\t\t\t<\/div>\n\t\t<\/div>\n\t\t\t<\/div>\n<\/div>\n\t\t\t\t<\/div>\n\t\t\t\t<\/div>\n\t\t\t\t<\/div>\n\t\t<div class=\"elementor-element elementor-element-a4a6bcc e-con-full e-flex e-con e-child\" data-id=\"a4a6bcc\" data-element_type=\"container\" data-e-type=\"container\">\n\t\t\t\t<div class=\"elementor-element elementor-element-66318ce elementor-invisible elementor-widget elementor-widget-uael-infobox\" data-id=\"66318ce\" data-element_type=\"widget\" data-e-type=\"widget\" data-settings=\"{&quot;_animation&quot;:&quot;fadeIn&quot;}\" data-widget_type=\"uael-infobox.default\">\n\t\t\t\t<div class=\"elementor-widget-container\">\n\t\t\t\t\t\n<div class=\"uael-module-content uael-infobox uael-imgicon-style-normal  infobox-has-photo uael-infobox-photo-above-title  uael-infobox-link-type-module\">\n\t<div class=\"uael-infobox-left-right-wrap\">\n\t\t\t\t\t<a href=\"https:\/\/www.ongurpartners.com\/attorney-selva-korkmazcan-isik?lang=it\" class=\"uael-infobox-module-link\" aria-label=\"Infobox Link\"><\/a>\n\t\t\t\t\t\t\t<div class=\"uael-infobox-content\">\n\t\t\t\t\t\t\t<div class=\"uael-module-content uael-imgicon-wrap \">\t\t\t\t\t\t\t\t\t\t\t\n\t\t\t\t\t\t\t\t\t\t\t\t\t\t\t\t<div class=\"uael-image\" itemscope itemtype=\"http:\/\/schema.org\/ImageObject\">\n\t\t\t\t\t\t\t<div class=\"uael-image-content elementor-animation- \">\n\t\t\t\t\t\t\t\t<img decoding=\"async\" width=\"706\" height=\"803\" src=\"https:\/\/ongurpartners.com\/wp-content\/uploads\/2020\/06\/selve-han\u0131m.jpg\" class=\"attachment-full size-full wp-image-1023\" alt=\"\" srcset=\"https:\/\/ongurpartners.com\/wp-content\/uploads\/2020\/06\/selve-han\u0131m.jpg 706w, https:\/\/ongurpartners.com\/wp-content\/uploads\/2020\/06\/selve-han\u0131m-264x300.jpg 264w, https:\/\/ongurpartners.com\/wp-content\/uploads\/2020\/06\/selve-han\u0131m-685x779.jpg 685w, https:\/\/ongurpartners.com\/wp-content\/uploads\/2020\/06\/selve-han\u0131m-570x648.jpg 570w, https:\/\/ongurpartners.com\/wp-content\/uploads\/2020\/06\/selve-han\u0131m-490x557.jpg 490w, https:\/\/ongurpartners.com\/wp-content\/uploads\/2020\/06\/selve-han\u0131m-370x421.jpg 370w, https:\/\/ongurpartners.com\/wp-content\/uploads\/2020\/06\/selve-han\u0131m-270x307.jpg 270w, https:\/\/ongurpartners.com\/wp-content\/uploads\/2020\/06\/selve-han\u0131m-210x239.jpg 210w\" sizes=\"(max-width: 706px) 100vw, 706px\" \/>\t\t\t\t\t\t\t<\/div>\n\t\t\t\t\t\t<\/div>\n\n\t\t\t\t\t\t\t\t\t<\/div>\n\t\t\t\t\t\t\t<div class='uael-infobox-title-wrap'><h6 class=\"uael-infobox-title-prefix elementor-inline-editing\" data-elementor-setting-key=\"infobox_title_prefix\" data-elementor-inline-editing-toolbar=\"basic\" >Avvocatessa Dott.ssa Selva KORKMAZCAN I\u015eIK<\/h6><h5 class=\"uael-infobox-title elementor-inline-editing\" data-elementor-setting-key=\"infobox_title\" data-elementor-inline-editing-toolbar=\"basic\" >Ankara \/ \u0130stanbul<\/h5><\/div>\t\t\t\t\t\t\t\t\t<div class=\"uael-infobox-text-wrap\">\n\t\t\t\t<div class=\"uael-infobox-text elementor-inline-editing\" data-elementor-setting-key=\"infobox_description\" data-elementor-inline-editing-toolbar=\"advanced\">\n\t\t\t\t\t\t\t\t\t<\/div>\n\t\t\t\t\t\n\t\t\t\t\t\t\t<\/div>\n\t\t<\/div>\n\t\t\t<\/div>\n<\/div>\n\t\t\t\t<\/div>\n\t\t\t\t<\/div>\n\t\t\t\t<\/div>\n\t\t<div class=\"elementor-element elementor-element-daebda3 e-con-full e-flex e-con e-child\" data-id=\"daebda3\" data-element_type=\"container\" data-e-type=\"container\">\n\t\t\t\t<div class=\"elementor-element elementor-element-0c31535 elementor-invisible elementor-widget elementor-widget-uael-infobox\" data-id=\"0c31535\" data-element_type=\"widget\" data-e-type=\"widget\" data-settings=\"{&quot;_animation&quot;:&quot;fadeIn&quot;}\" data-widget_type=\"uael-infobox.default\">\n\t\t\t\t<div class=\"elementor-widget-container\">\n\t\t\t\t\t\n<div class=\"uael-module-content uael-infobox uael-imgicon-style-normal  infobox-has-photo uael-infobox-photo-above-title  uael-infobox-link-type-module\">\n\t<div class=\"uael-infobox-left-right-wrap\">\n\t\t\t\t\t<a href=\"https:\/\/www.ongurpartners.com\/attorney-gokberk-tekin?lang=it\" class=\"uael-infobox-module-link\" aria-label=\"Infobox Link\"><\/a>\n\t\t\t\t\t\t\t<div class=\"uael-infobox-content\">\n\t\t\t\t\t\t\t<div class=\"uael-module-content uael-imgicon-wrap \">\t\t\t\t\t\t\t\t\t\t\t\n\t\t\t\t\t\t\t\t\t\t\t\t\t\t\t\t<div class=\"uael-image\" itemscope itemtype=\"http:\/\/schema.org\/ImageObject\">\n\t\t\t\t\t\t\t<div class=\"uael-image-content elementor-animation- \">\n\t\t\t\t\t\t\t\t<img decoding=\"async\" width=\"706\" height=\"803\" src=\"https:\/\/ongurpartners.com\/wp-content\/uploads\/2020\/06\/g\u00f6kberk-bey.jpg\" class=\"attachment-full size-full wp-image-1022\" alt=\"\" srcset=\"https:\/\/ongurpartners.com\/wp-content\/uploads\/2020\/06\/g\u00f6kberk-bey.jpg 706w, https:\/\/ongurpartners.com\/wp-content\/uploads\/2020\/06\/g\u00f6kberk-bey-264x300.jpg 264w, https:\/\/ongurpartners.com\/wp-content\/uploads\/2020\/06\/g\u00f6kberk-bey-685x779.jpg 685w, https:\/\/ongurpartners.com\/wp-content\/uploads\/2020\/06\/g\u00f6kberk-bey-570x648.jpg 570w, https:\/\/ongurpartners.com\/wp-content\/uploads\/2020\/06\/g\u00f6kberk-bey-490x557.jpg 490w, https:\/\/ongurpartners.com\/wp-content\/uploads\/2020\/06\/g\u00f6kberk-bey-370x421.jpg 370w, https:\/\/ongurpartners.com\/wp-content\/uploads\/2020\/06\/g\u00f6kberk-bey-270x307.jpg 270w, https:\/\/ongurpartners.com\/wp-content\/uploads\/2020\/06\/g\u00f6kberk-bey-210x239.jpg 210w\" sizes=\"(max-width: 706px) 100vw, 706px\" \/>\t\t\t\t\t\t\t<\/div>\n\t\t\t\t\t\t<\/div>\n\n\t\t\t\t\t\t\t\t\t<\/div>\n\t\t\t\t\t\t\t<div class='uael-infobox-title-wrap'><h6 class=\"uael-infobox-title-prefix elementor-inline-editing\" data-elementor-setting-key=\"infobox_title_prefix\" data-elementor-inline-editing-toolbar=\"basic\" >Avvocato G\u00f6kberk TEK\u0130N L.L.M.<\/h6><h5 class=\"uael-infobox-title elementor-inline-editing\" data-elementor-setting-key=\"infobox_title\" data-elementor-inline-editing-toolbar=\"basic\" >Ankara \/ \u0130stanbul<\/h5><\/div>\t\t\t\t\t\t\t\t\t<div class=\"uael-infobox-text-wrap\">\n\t\t\t\t<div class=\"uael-infobox-text elementor-inline-editing\" data-elementor-setting-key=\"infobox_description\" data-elementor-inline-editing-toolbar=\"advanced\">\n\t\t\t\t\t\t\t\t\t<\/div>\n\t\t\t\t\t\n\t\t\t\t\t\t\t<\/div>\n\t\t<\/div>\n\t\t\t<\/div>\n<\/div>\n\t\t\t\t<\/div>\n\t\t\t\t<\/div>\n\t\t\t\t<\/div>\n\t\t\t\t<\/div>\n\t\t\t\t\t<\/div>\n\t\t\t\t<\/div>\n\t\t<div class=\"elementor-element elementor-element-db4e969 e-flex e-con-boxed e-con e-parent\" data-id=\"db4e969\" data-element_type=\"container\" data-e-type=\"container\">\n\t\t\t\t\t<div class=\"e-con-inner\">\n\t\t<div class=\"elementor-element elementor-element-2e38cb6 e-con-full e-flex e-con e-child\" data-id=\"2e38cb6\" data-element_type=\"container\" data-e-type=\"container\">\n\t\t<div class=\"elementor-element elementor-element-3836fa1 e-con-full e-flex e-con e-child\" data-id=\"3836fa1\" data-element_type=\"container\" data-e-type=\"container\">\n\t\t\t\t<div class=\"elementor-element elementor-element-7d2126f elementor-invisible elementor-widget elementor-widget-uael-infobox\" data-id=\"7d2126f\" data-element_type=\"widget\" data-e-type=\"widget\" data-settings=\"{&quot;_animation&quot;:&quot;fadeIn&quot;}\" data-widget_type=\"uael-infobox.default\">\n\t\t\t\t<div class=\"elementor-widget-container\">\n\t\t\t\t\t\n<div class=\"uael-module-content uael-infobox uael-imgicon-style-normal  infobox-has-photo uael-infobox-photo-above-title  uael-infobox-link-type-module\">\n\t<div class=\"uael-infobox-left-right-wrap\">\n\t\t\t\t\t<a href=\"https:\/\/www.ongurpartners.com\/it\/avvocato-batuhan-demirci\" class=\"uael-infobox-module-link\" aria-label=\"Infobox Link\"><\/a>\n\t\t\t\t\t\t\t<div class=\"uael-infobox-content\">\n\t\t\t\t\t\t\t<div class=\"uael-module-content uael-imgicon-wrap \">\t\t\t\t\t\t\t\t\t\t\t\n\t\t\t\t\t\t\t\t\t\t\t\t\t\t\t\t<div class=\"uael-image\" itemscope itemtype=\"http:\/\/schema.org\/ImageObject\">\n\t\t\t\t\t\t\t<div class=\"uael-image-content elementor-animation- \">\n\t\t\t\t\t\t\t\t<img loading=\"lazy\" decoding=\"async\" width=\"514\" height=\"544\" src=\"https:\/\/ongurpartners.com\/wp-content\/uploads\/2026\/02\/batuhann.jpg\" class=\"attachment-full size-full wp-image-6969\" alt=\"\" srcset=\"https:\/\/ongurpartners.com\/wp-content\/uploads\/2026\/02\/batuhann.jpg 514w, https:\/\/ongurpartners.com\/wp-content\/uploads\/2026\/02\/batuhann-283x300.jpg 283w, https:\/\/ongurpartners.com\/wp-content\/uploads\/2026\/02\/batuhann-490x519.jpg 490w, https:\/\/ongurpartners.com\/wp-content\/uploads\/2026\/02\/batuhann-370x392.jpg 370w, https:\/\/ongurpartners.com\/wp-content\/uploads\/2026\/02\/batuhann-270x286.jpg 270w, https:\/\/ongurpartners.com\/wp-content\/uploads\/2026\/02\/batuhann-210x222.jpg 210w\" sizes=\"(max-width: 514px) 100vw, 514px\" \/>\t\t\t\t\t\t\t<\/div>\n\t\t\t\t\t\t<\/div>\n\n\t\t\t\t\t\t\t\t\t<\/div>\n\t\t\t\t\t\t\t<div class='uael-infobox-title-wrap'><h6 class=\"uael-infobox-title-prefix elementor-inline-editing\" data-elementor-setting-key=\"infobox_title_prefix\" data-elementor-inline-editing-toolbar=\"basic\" >Avvocate Batuhan Demirci LL.M<\/h6><h5 class=\"uael-infobox-title elementor-inline-editing\" data-elementor-setting-key=\"infobox_title\" data-elementor-inline-editing-toolbar=\"basic\" >Attorney<\/h5><\/div>\t\t\t\t\t\t\t\t\t<div class=\"uael-infobox-text-wrap\">\n\t\t\t\t<div class=\"uael-infobox-text elementor-inline-editing\" data-elementor-setting-key=\"infobox_description\" data-elementor-inline-editing-toolbar=\"advanced\">\n\t\t\t\t\t\t\t\t\t<\/div>\n\t\t\t\t\t\n\t\t\t\t\t\t\t<\/div>\n\t\t<\/div>\n\t\t\t<\/div>\n<\/div>\n\t\t\t\t<\/div>\n\t\t\t\t<\/div>\n\t\t\t\t<\/div>\n\t\t<div class=\"elementor-element elementor-element-92bf196 e-con-full e-flex e-con e-child\" data-id=\"92bf196\" data-element_type=\"container\" data-e-type=\"container\">\n\t\t\t\t<div class=\"elementor-element elementor-element-294c366 elementor-invisible elementor-widget elementor-widget-uael-infobox\" data-id=\"294c366\" data-element_type=\"widget\" data-e-type=\"widget\" data-settings=\"{&quot;_animation&quot;:&quot;fadeIn&quot;}\" data-widget_type=\"uael-infobox.default\">\n\t\t\t\t<div class=\"elementor-widget-container\">\n\t\t\t\t\t\n<div class=\"uael-module-content uael-infobox uael-imgicon-style-normal  infobox-has-photo uael-infobox-photo-above-title  uael-infobox-link-type-module\">\n\t<div class=\"uael-infobox-left-right-wrap\">\n\t\t\t\t\t<a href=\"https:\/\/www.ongurpartners.com\/it\/dilek-ozbilen\" class=\"uael-infobox-module-link\" aria-label=\"Infobox Link\"><\/a>\n\t\t\t\t\t\t\t<div class=\"uael-infobox-content\">\n\t\t\t\t\t\t\t<div class=\"uael-module-content uael-imgicon-wrap \">\t\t\t\t\t\t\t\t\t\t\t\n\t\t\t\t\t\t\t\t\t\t\t\t\t\t\t\t<div class=\"uael-image\" itemscope itemtype=\"http:\/\/schema.org\/ImageObject\">\n\t\t\t\t\t\t\t<div class=\"uael-image-content elementor-animation- \">\n\t\t\t\t\t\t\t\t<img loading=\"lazy\" decoding=\"async\" width=\"570\" height=\"648\" src=\"https:\/\/ongurpartners.com\/wp-content\/uploads\/2026\/02\/a1.jpg\" class=\"attachment-full size-full wp-image-6979\" alt=\"\" srcset=\"https:\/\/ongurpartners.com\/wp-content\/uploads\/2026\/02\/a1.jpg 570w, https:\/\/ongurpartners.com\/wp-content\/uploads\/2026\/02\/a1-264x300.jpg 264w, https:\/\/ongurpartners.com\/wp-content\/uploads\/2026\/02\/a1-490x557.jpg 490w, https:\/\/ongurpartners.com\/wp-content\/uploads\/2026\/02\/a1-370x421.jpg 370w, https:\/\/ongurpartners.com\/wp-content\/uploads\/2026\/02\/a1-270x307.jpg 270w, https:\/\/ongurpartners.com\/wp-content\/uploads\/2026\/02\/a1-210x239.jpg 210w\" sizes=\"(max-width: 570px) 100vw, 570px\" \/>\t\t\t\t\t\t\t<\/div>\n\t\t\t\t\t\t<\/div>\n\n\t\t\t\t\t\t\t\t\t<\/div>\n\t\t\t\t\t\t\t<div class='uael-infobox-title-wrap'><h6 class=\"uael-infobox-title-prefix elementor-inline-editing\" data-elementor-setting-key=\"infobox_title_prefix\" data-elementor-inline-editing-toolbar=\"basic\" >Dilek Ozbilen<\/h6><h5 class=\"uael-infobox-title elementor-inline-editing\" data-elementor-setting-key=\"infobox_title\" data-elementor-inline-editing-toolbar=\"basic\" >Legal Trainee<\/h5><\/div>\t\t\t\t\t\t\t\t\t<div class=\"uael-infobox-text-wrap\">\n\t\t\t\t<div class=\"uael-infobox-text elementor-inline-editing\" data-elementor-setting-key=\"infobox_description\" data-elementor-inline-editing-toolbar=\"advanced\">\n\t\t\t\t\t\t\t\t\t<\/div>\n\t\t\t\t\t\n\t\t\t\t\t\t\t<\/div>\n\t\t<\/div>\n\t\t\t<\/div>\n<\/div>\n\t\t\t\t<\/div>\n\t\t\t\t<\/div>\n\t\t\t\t<\/div>\n\t\t\t\t<\/div>\n\t\t\t\t\t<\/div>\n\t\t\t\t<\/div>\n\t\t\t\t<\/div>\n\t\t","protected":false},"excerpt":{"rendered":"<p>LA NOSTRA SQUADRA Avvocatessa Arzu ONGUR LL.M. Socio Amministratore Ankara \/ Istanbul Avvocatessa Dott.ssa Selva KORKMAZCAN I\u015eIK Ankara \/ \u0130stanbul Avvocato G\u00f6kberk TEK\u0130N L.L.M. Ankara \/ \u0130stanbul Avvocate Batuhan Demirci LL.M Attorney Dilek Ozbilen Legal Trainee<\/p>\n","protected":false},"author":1,"featured_media":0,"parent":0,"menu_order":0,"comment_status":"closed","ping_status":"closed","template":"","meta":{"_uag_custom_page_level_css":"","site-sidebar-layout":"default","site-content-layout":"","ast-site-content-layout":"default","site-content-style":"default","site-sidebar-style":"default","ast-global-header-display":"","ast-banner-title-visibility":"","ast-main-header-display":"","ast-hfb-above-header-display":"","ast-hfb-below-header-display":"","ast-hfb-mobile-header-display":"","site-post-title":"disabled","ast-breadcrumbs-content":"","ast-featured-img":"","footer-sml-layout":"","ast-disable-related-posts":"","theme-transparent-header-meta":"default","adv-header-id-meta":"","stick-header-meta":"default","header-above-stick-meta":"","header-main-stick-meta":"","header-below-stick-meta":"","astra-migrate-meta-layouts":"set","ast-page-background-enabled":"default","ast-page-background-meta":{"desktop":{"background-color":"","background-image":"","background-repeat":"repeat","background-position":"center center","background-size":"auto","background-attachment":"scroll","background-type":"","background-media":"","overlay-type":"","overlay-color":"","overlay-opacity":"","overlay-gradient":""},"tablet":{"background-color":"","background-image":"","background-repeat":"repeat","background-position":"center center","background-size":"auto","background-attachment":"scroll","background-type":"","background-media":"","overlay-type":"","overlay-color":"","overlay-opacity":"","overlay-gradient":""},"mobile":{"background-color":"","background-image":"","background-repeat":"repeat","background-position":"center center","background-size":"auto","background-attachment":"scroll","background-type":"","background-media":"","overlay-type":"","overlay-color":"","overlay-opacity":"","overlay-gradient":""}},"ast-content-background-meta":{"desktop":{"background-color":"var(--ast-global-color-5)","background-image":"","background-repeat":"repeat","background-position":"center center","background-size":"auto","background-attachment":"scroll","background-type":"","background-media":"","overlay-type":"","overlay-color":"","overlay-opacity":"","overlay-gradient":""},"tablet":{"background-color":"var(--ast-global-color-5)","background-image":"","background-repeat":"repeat","background-position":"center center","background-size":"auto","background-attachment":"scroll","background-type":"","background-media":"","overlay-type":"","overlay-color":"","overlay-opacity":"","overlay-gradient":""},"mobile":{"background-color":"var(--ast-global-color-5)","background-image":"","background-repeat":"repeat","background-position":"center center","background-size":"auto","background-attachment":"scroll","background-type":"","background-media":"","overlay-type":"","overlay-color":"","overlay-opacity":"","overlay-gradient":""}},"footnotes":""},"class_list":["post-4003","page","type-page","status-publish","hentry"],"uagb_featured_image_src":{"full":false,"thumbnail":false,"medium":false,"medium_large":false,"large":false,"1536x1536":false,"2048x2048":false},"uagb_author_info":{"display_name":"Ongur Partners Law Firm","author_link":"https:\/\/ongurpartners.com\/it\/author\/admin"},"uagb_comment_info":0,"uagb_excerpt":"LA NOSTRA SQUADRA Avvocatessa Arzu ONGUR LL.M. Socio Amministratore Ankara \/ Istanbul Avvocatessa Dott.ssa Selva KORKMAZCAN I\u015eIK Ankara \/ \u0130stanbul Avvocato G\u00f6kberk TEK\u0130N L.L.M. Ankara \/ \u0130stanbul Avvocate Batuhan Demirci LL.M Attorney Dilek Ozbilen Legal Trainee","_links":{"self":[{"href":"https:\/\/ongurpartners.com\/it\/wp-json\/wp\/v2\/pages\/4003","targetHints":{"allow":["GET"]}}],"collection":[{"href":"https:\/\/ongurpartners.com\/it\/wp-json\/wp\/v2\/pages"}],"about":[{"href":"https:\/\/ongurpartners.com\/it\/wp-json\/wp\/v2\/types\/page"}],"author":[{"embeddable":true,"href":"https:\/\/ongurpartners.com\/it\/wp-json\/wp\/v2\/users\/1"}],"replies":[{"embeddable":true,"href":"https:\/\/ongurpartners.com\/it\/wp-json\/wp\/v2\/comments?post=4003"}],"version-history":[{"count":3,"href":"https:\/\/ongurpartners.com\/it\/wp-json\/wp\/v2\/pages\/4003\/revisions"}],"predecessor-version":[{"id":7031,"href":"https:\/\/ongurpartners.com\/it\/wp-json\/wp\/v2\/pages\/4003\/revisions\/7031"}],"wp:attachment":[{"href":"https:\/\/ongurpartners.com\/it\/wp-json\/wp\/v2\/media?parent=4003"}],"curies":[{"name":"wp","href":"https:\/\/api.w.org\/{rel}","templated":true}]}}